{"id":7,"date":"2024-03-06T12:03:56","date_gmt":"2024-03-06T12:03:56","guid":{"rendered":"https:\/\/elsalnes.net\/?page_id=7"},"modified":"2025-08-29T17:48:28","modified_gmt":"2025-08-29T17:48:28","slug":"home","status":"publish","type":"page","link":"https:\/\/elsalnes.net\/","title":{"rendered":""},"content":{"rendered":"\n<div class=\"wp-block-cover alignfull has-parallax has-medium-font-size wp-duotone-unset-1\" style=\"margin-top:0;margin-bottom:0;min-height:666px;aspect-ratio:unset;\"><div class=\"wp-block-cover__image-background wp-image-357 size-full has-parallax\" style=\"background-position:50% 50%;background-image:url(https:\/\/elsalnes.net\/wp-content\/uploads\/2025\/08\/IMG_1234-1-scaled.jpg)\"><\/div><span aria-hidden=\"true\" class=\"wp-block-cover__background has-background-dim-20 has-background-dim wp-block-cover__gradient-background has-background-gradient\" style=\"background-color:#493c2a;background:linear-gradient(0deg,rgba(255,255,255,0) 0%,rgb(169,184,195) 100%)\"><\/span><div class=\"wp-block-cover__inner-container is-layout-constrained wp-block-cover-is-layout-constrained\">\n\n\n\n\n\n\n\n<\/div><\/div>\n\n\n\n<div class=\"wp-block-group alignfull has-ast-global-color-7-background-color has-background is-content-justification-center is-nowrap is-layout-flex wp-container-core-group-is-layout-c3363f87 wp-block-group-is-layout-flex\" style=\"min-height:0px;padding-top:0px;padding-bottom:0px\">\n<div class=\"wp-block-group alignfull has-ast-global-color-7-background-color has-background is-layout-constrained wp-container-core-group-is-layout-bae67dd0 wp-block-group-is-layout-constrained\" id=\"about\" style=\"margin-top:0px;padding-top:70px;padding-bottom:34px\">\n<div class=\"wp-block-columns is-layout-flex wp-container-core-columns-is-layout-28f84493 wp-block-columns-is-layout-flex\">\n<div class=\"wp-block-column is-layout-flow wp-block-column-is-layout-flow\">\n<h2 class=\"wp-block-heading has-ast-global-color-2-color has-text-color has-link-color has-large-font-size wp-elements-23ffb4e89295820f2090a21f364e6855\">Bienvenidos al Saln\u00e9s<\/h2>\n\n\n\n\n\n\n<\/div>\n\n\n\n<div class=\"wp-block-column is-layout-flow wp-block-column-is-layout-flow\" style=\"flex-basis:80px\"><\/div>\n\n\n\n<div class=\"wp-block-column is-layout-flow wp-block-column-is-layout-flow\"><div id=\"metaslider-id-65\" style=\"max-width: 500px;\" class=\"ml-slider-3-62-0 metaslider metaslider-flex metaslider-65 ml-slider ms-theme-default nav-hidden\" role=\"region\" aria-roledescription=\"Slideshow\" aria-label=\"New Slideshow\">\n    <div id=\"metaslider_container_65\">\n        <div id=\"metaslider_65\">\n            <ul aria-live=\"polite\" class=\"slides\">\n                <li style=\"display: block; width: 100%;\" class=\"slide-66 ms-image \" aria-roledescription=\"slide\" aria-label=\"slide-66\"><img loading=\"lazy\" decoding=\"async\" src=\"https:\/\/elsalnes.net\/wp-content\/uploads\/2024\/04\/JUNIO-26.jpg\" height=\"500\" width=\"500\" alt=\"\" class=\"slider-65 slide-66\" title=\"JUNIO-26\" \/><\/li>\n                <li style=\"display: none; width: 100%;\" class=\"slide-67 ms-image \" aria-roledescription=\"slide\" aria-label=\"slide-67\"><img loading=\"lazy\" decoding=\"async\" src=\"https:\/\/elsalnes.net\/wp-content\/uploads\/2024\/04\/JUNIO-45.jpg\" height=\"500\" width=\"500\" alt=\"\" class=\"slider-65 slide-67\" title=\"JUNIO-45\" \/><\/li>\n                <li style=\"display: none; width: 100%;\" class=\"slide-68 ms-image \" aria-roledescription=\"slide\" aria-label=\"slide-68\"><img loading=\"lazy\" decoding=\"async\" src=\"https:\/\/elsalnes.net\/wp-content\/uploads\/2024\/04\/NOV-13.jpg\" height=\"500\" width=\"500\" alt=\"\" class=\"slider-65 slide-68\" title=\"NOV-13\" \/><\/li>\n                <li style=\"display: none; width: 100%;\" class=\"slide-69 ms-image \" aria-roledescription=\"slide\" aria-label=\"slide-69\"><img loading=\"lazy\" decoding=\"async\" src=\"https:\/\/elsalnes.net\/wp-content\/uploads\/2024\/04\/paraEdit-11.jpg\" height=\"500\" width=\"500\" alt=\"\" class=\"slider-65 slide-69\" title=\"paraEdit-11\" \/><\/li>\n                <li style=\"display: none; width: 100%;\" class=\"slide-70 ms-image \" aria-roledescription=\"slide\" aria-label=\"slide-70\"><img loading=\"lazy\" decoding=\"async\" src=\"https:\/\/elsalnes.net\/wp-content\/uploads\/2024\/04\/SALNES-20-of-48.jpg\" height=\"500\" width=\"500\" alt=\"\" class=\"slider-65 slide-70\" title=\"SALNES-20-of-48\" \/><\/li>\n            <\/ul>\n        <\/div>\n        \n    <\/div>\n<\/div>\n<\/div>\n<\/div>\n<\/div>\n<\/div>\n\n\n\n<div class=\"wp-block-group alignfull is-layout-constrained wp-container-core-group-is-layout-bf62be27 wp-block-group-is-layout-constrained\" id=\"Cont\u00e1ctenos\" style=\"padding-top:49px;padding-bottom:0px\">\n<h2 class=\"wp-block-heading has-text-align-center has-large-font-size\" style=\"margin-top:0;padding-top:0;padding-bottom:0\">Servicios El Saln\u00e9s<\/h2>\n\n\n\n\n\n<div class=\"wp-block-group alignwide is-layout-constrained wp-block-group-is-layout-constrained\">\n<div class=\"wp-block-columns is-layout-flex wp-container-core-columns-is-layout-28f84493 wp-block-columns-is-layout-flex\">\n<div class=\"wp-block-column is-layout-flow wp-block-column-is-layout-flow\">\n<figure class=\"wp-block-image aligncenter size-full is-resized\"><img loading=\"lazy\" decoding=\"async\" width=\"300\" height=\"300\" src=\"https:\/\/elsalnes.net\/wp-content\/uploads\/2024\/03\/DSC00648-300x300-1.jpg\" alt=\"\" class=\"wp-image-50\" style=\"width:253px;height:auto\" srcset=\"https:\/\/elsalnes.net\/wp-content\/uploads\/2024\/03\/DSC00648-300x300-1.jpg 300w, https:\/\/elsalnes.net\/wp-content\/uploads\/2024\/03\/DSC00648-300x300-1-150x150.jpg 150w\" sizes=\"auto, (max-width: 300px) 100vw, 300px\" \/><\/figure>\n\n\n\n<h2 class=\"wp-block-heading has-text-align-center has-medium-font-size\" style=\"margin-top:var(--wp--preset--spacing--50)\">Men\u00fa Disfrutar<\/h2>\n\n\n\n<p class=\"has-text-align-center\" style=\"margin-top:0;font-size:16px\">Comparte con un ser querido nuestras especialidades en un men\u00fa perfecto para compartir.<\/p>\n<\/div>\n\n\n\n<div class=\"wp-block-column is-layout-flow wp-block-column-is-layout-flow\">\n<figure class=\"wp-block-image aligncenter size-full is-resized\"><img loading=\"lazy\" decoding=\"async\" width=\"300\" height=\"300\" src=\"https:\/\/elsalnes.net\/wp-content\/uploads\/2024\/03\/DSC00619-300x300-1.jpg\" alt=\"\" class=\"wp-image-51\" style=\"width:253px;height:auto\" srcset=\"https:\/\/elsalnes.net\/wp-content\/uploads\/2024\/03\/DSC00619-300x300-1.jpg 300w, https:\/\/elsalnes.net\/wp-content\/uploads\/2024\/03\/DSC00619-300x300-1-150x150.jpg 150w\" sizes=\"auto, (max-width: 300px) 100vw, 300px\" \/><\/figure>\n\n\n\n<h2 class=\"wp-block-heading has-text-align-center has-medium-font-size\" style=\"margin-top:var(--wp--preset--spacing--50)\">Eventos<\/h2>\n\n\n\n<p class=\"has-text-align-center\" style=\"margin-top:0;font-size:16px\">Disfruta de nuestros men\u00fas en cualquier evento a realizar.<\/p>\n<\/div>\n\n\n\n<div class=\"wp-block-column is-layout-flow wp-block-column-is-layout-flow\">\n<figure class=\"wp-block-image aligncenter size-full is-resized\"><img loading=\"lazy\" decoding=\"async\" width=\"300\" height=\"300\" src=\"https:\/\/elsalnes.net\/wp-content\/uploads\/2024\/04\/products-4-e1713268178822.jpg\" alt=\"\" class=\"wp-image-77\" style=\"width:252px;height:auto\"\/><\/figure>\n\n\n\n<h2 class=\"wp-block-heading has-text-align-center has-medium-font-size\" style=\"margin-top:var(--wp--preset--spacing--50)\">Productos<\/h2>\n\n\n\n<p class=\"has-text-align-center\" style=\"margin-top:0;font-size:16px\">Disfruta de nuestros productos artesanales: curados, conservas y nuestros panes de masa madre<\/p>\n<\/div>\n<\/div>\n<\/div>\n\n\n\n<div style=\"height:44px\" aria-hidden=\"true\" class=\"wp-block-spacer\"><\/div>\n\n\n\n<div class=\"wp-block-columns alignwide is-not-stacked-on-mobile is-layout-flex wp-container-core-columns-is-layout-27f7fa29 wp-block-columns-is-layout-flex\" style=\"border-style:none;border-width:0px;margin-top:0;margin-bottom:0;padding-top:0;padding-right:0;padding-bottom:0;padding-left:0\">\n<div class=\"wp-block-column is-layout-flow wp-block-column-is-layout-flow\" style=\"flex-basis:30%\"><\/div>\n\n\n\n<div class=\"wp-block-column is-layout-flow wp-block-column-is-layout-flow\" style=\"flex-basis:16.66%\">\n<figure class=\"wp-block-image aligncenter size-thumbnail is-resized has-custom-border\"><img loading=\"lazy\" decoding=\"async\" width=\"150\" height=\"150\" src=\"https:\/\/elsalnes.net\/wp-content\/uploads\/2024\/04\/50bestdiscovery-150x150.png\" alt=\"\" class=\"wp-image-97\" style=\"border-style:none;border-width:0px;border-radius:0px;width:134px;height:auto\" srcset=\"https:\/\/elsalnes.net\/wp-content\/uploads\/2024\/04\/50bestdiscovery-150x150.png 150w, https:\/\/elsalnes.net\/wp-content\/uploads\/2024\/04\/50bestdiscovery-300x300.png 300w, https:\/\/elsalnes.net\/wp-content\/uploads\/2024\/04\/50bestdiscovery.png 500w\" sizes=\"auto, (max-width: 150px) 100vw, 150px\" \/><\/figure>\n<\/div>\n\n\n\n<div class=\"wp-block-column is-layout-flow wp-block-column-is-layout-flow\" style=\"flex-basis:25%\">\n<figure class=\"wp-block-image aligncenter size-full is-resized\"><img loading=\"lazy\" decoding=\"async\" width=\"737\" height=\"549\" src=\"https:\/\/elsalnes.net\/wp-content\/uploads\/2024\/04\/espiritulatam-Photoroom.png-Photoroom.png\" alt=\"\" class=\"wp-image-99\" style=\"aspect-ratio:1.4285714285714286;object-fit:cover;width:190px;height:auto\" srcset=\"https:\/\/elsalnes.net\/wp-content\/uploads\/2024\/04\/espiritulatam-Photoroom.png-Photoroom.png 737w, https:\/\/elsalnes.net\/wp-content\/uploads\/2024\/04\/espiritulatam-Photoroom.png-Photoroom-300x223.png 300w\" sizes=\"auto, (max-width: 737px) 100vw, 737px\" \/><\/figure>\n<\/div>\n\n\n\n<div class=\"wp-block-column is-layout-flow wp-block-column-is-layout-flow\" style=\"flex-basis:25%\"><\/div>\n<\/div>\n\n\n\n<div class=\"wp-block-columns is-layout-flex wp-container-core-columns-is-layout-60cbf9bb wp-block-columns-is-layout-flex\" style=\"margin-top:50px\">\n<div class=\"wp-block-column is-layout-flow wp-container-core-column-is-layout-6b73ce23 wp-block-column-is-layout-flow\">\n<h2 class=\"wp-block-heading has-text-align-center\">Cont\u00e1ctenos<\/h2>\n\n\n\n<h3 class=\"wp-block-heading has-text-align-center has-medium-font-size\" style=\"margin-top:16px\"><a href=\"mailto:info@elsalnes.net\">reservas@hoteltourblanche.com<\/a><\/h3>\n\n\n\n<p class=\"has-text-align-center has-small-font-size\"><strong>Calle Isla Isabela N44-27 y Avenida R\u00edo Coca &#8211; Hotel Tourblanche<\/strong><\/p>\n<\/div>\n<\/div>\n<\/div>\n","protected":false},"excerpt":{"rendered":"<p>Bienvenidos al Saln\u00e9s Servicios El Saln\u00e9s Men\u00fa Disfrutar Comparte con un ser querido nuestras especialidades en un men\u00fa perfecto para compartir. Eventos Disfruta de nuestros men\u00fas en cualquier evento a realizar. Productos Disfruta de nuestros productos artesanales: curados, conservas y nuestros panes de masa madre Cont\u00e1ctenos reservas@hoteltourblanche.com Calle Isla Isabela N44-27 y Avenida R\u00edo Coca [&hellip;]<\/p>\n","protected":false},"author":1,"featured_media":0,"parent":0,"menu_order":0,"comment_status":"closed","ping_status":"closed","template":"","meta":{"saved_in_kubio":true,"site-sidebar-layout":"no-sidebar","site-content-layout":"plain-container","ast-site-content-layout":"default","site-content-style":"default","site-sidebar-style":"default","ast-global-header-display":"","ast-banner-title-visibility":"","ast-main-header-display":"","ast-hfb-above-header-display":"","ast-hfb-below-header-display":"","ast-hfb-mobile-header-display":"","site-post-title":"disabled","ast-breadcrumbs-content":"","ast-featured-img":"","footer-sml-layout":"","ast-disable-related-posts":"","theme-transparent-header-meta":"enabled","adv-header-id-meta":"","stick-header-meta":"","header-above-stick-meta":"","header-main-stick-meta":"","header-below-stick-meta":"","astra-migrate-meta-layouts":"default","ast-page-background-enabled":"default","ast-page-background-meta":{"desktop":{"background-color":"var(--ast-global-color-4)","background-image":"","background-repeat":"repeat","background-position":"center center","background-size":"auto","background-attachment":"scroll","background-type":"","background-media":"","overlay-type":"","overlay-color":"","overlay-opacity":"","overlay-gradient":""},"tablet":{"background-color":"","background-image":"","background-repeat":"repeat","background-position":"center center","background-size":"auto","background-attachment":"scroll","background-type":"","background-media":"","overlay-type":"","overlay-color":"","overlay-opacity":"","overlay-gradient":""},"mobile":{"background-color":"","background-image":"","background-repeat":"repeat","background-position":"center center","background-size":"auto","background-attachment":"scroll","background-type":"","background-media":"","overlay-type":"","overlay-color":"","overlay-opacity":"","overlay-gradient":""}},"ast-content-background-meta":{"desktop":{"background-color":"var(--ast-global-color-5)","background-image":"","background-repeat":"repeat","background-position":"center center","background-size":"auto","background-attachment":"scroll","background-type":"","background-media":"","overlay-type":"","overlay-color":"","overlay-opacity":"","overlay-gradient":""},"tablet":{"background-color":"var(--ast-global-color-5)","background-image":"","background-repeat":"repeat","background-position":"center center","background-size":"auto","background-attachment":"scroll","background-type":"","background-media":"","overlay-type":"","overlay-color":"","overlay-opacity":"","overlay-gradient":""},"mobile":{"background-color":"var(--ast-global-color-5)","background-image":"","background-repeat":"repeat","background-position":"center center","background-size":"auto","background-attachment":"scroll","background-type":"","background-media":"","overlay-type":"","overlay-color":"","overlay-opacity":"","overlay-gradient":""}},"footnotes":""},"class_list":["post-7","page","type-page","status-publish","hentry"],"kubio_ai_page_context":{"short_desc":"","purpose":"general"},"_links":{"self":[{"href":"https:\/\/elsalnes.net\/index.php\/wp-json\/wp\/v2\/pages\/7","targetHints":{"allow":["GET"]}}],"collection":[{"href":"https:\/\/elsalnes.net\/index.php\/wp-json\/wp\/v2\/pages"}],"about":[{"href":"https:\/\/elsalnes.net\/index.php\/wp-json\/wp\/v2\/types\/page"}],"author":[{"embeddable":true,"href":"https:\/\/elsalnes.net\/index.php\/wp-json\/wp\/v2\/users\/1"}],"replies":[{"embeddable":true,"href":"https:\/\/elsalnes.net\/index.php\/wp-json\/wp\/v2\/comments?post=7"}],"version-history":[{"count":169,"href":"https:\/\/elsalnes.net\/index.php\/wp-json\/wp\/v2\/pages\/7\/revisions"}],"predecessor-version":[{"id":403,"href":"https:\/\/elsalnes.net\/index.php\/wp-json\/wp\/v2\/pages\/7\/revisions\/403"}],"wp:attachment":[{"href":"https:\/\/elsalnes.net\/index.php\/wp-json\/wp\/v2\/media?parent=7"}],"curies":[{"name":"wp","href":"https:\/\/api.w.org\/{rel}","templated":true}]}}